{"id":76,"date":"2025-12-22T14:37:48","date_gmt":"2025-12-22T14:37:48","guid":{"rendered":"https:\/\/cercle-egyptologie.be\/?page_id=76"},"modified":"2026-01-06T09:26:00","modified_gmt":"2026-01-06T09:26:00","slug":"renseignements-pratiques","status":"publish","type":"page","link":"https:\/\/cercle-egyptologie.be\/index.php\/renseignements-pratiques\/","title":{"rendered":"Renseignements pratiques"},"content":{"rendered":"\n<figure class=\"wp-block-image aligncenter size-full is-resized\"><img loading=\"lazy\" decoding=\"async\" width=\"1040\" height=\"585\" src=\"https:\/\/cercle-egyptologie.be\/wp-content\/uploads\/2026\/01\/IbisEtPhilae-4.jpg\" alt=\"\" class=\"wp-image-286\" style=\"aspect-ratio:16\/9;object-fit:cover;width:414px\" srcset=\"https:\/\/cercle-egyptologie.be\/wp-content\/uploads\/2026\/01\/IbisEtPhilae-4.jpg 1040w, https:\/\/cercle-egyptologie.be\/wp-content\/uploads\/2026\/01\/IbisEtPhilae-4-300x169.jpg 300w, https:\/\/cercle-egyptologie.be\/wp-content\/uploads\/2026\/01\/IbisEtPhilae-4-1024x576.jpg 1024w, https:\/\/cercle-egyptologie.be\/wp-content\/uploads\/2026\/01\/IbisEtPhilae-4-768x432.jpg 768w\" sizes=\"auto, (max-width: 1040px) 100vw, 1040px\" \/><\/figure>\n\n\n\n<div class=\"wp-block-group alignfull has-base-2-background-color has-background has-global-padding is-layout-constrained wp-container-core-group-is-layout-669513ed wp-block-group-is-layout-constrained\" style=\"margin-top:0;margin-bottom:0;padding-top:var(--wp--preset--spacing--50);padding-right:var(--wp--preset--spacing--50);padding-bottom:var(--wp--preset--spacing--50);padding-left:var(--wp--preset--spacing--50)\">\n<div style=\"margin-top:0;margin-bottom:0;height:var(--wp--preset--spacing--40)\" aria-hidden=\"true\" class=\"wp-block-spacer\"><\/div>\n\n\n\n<div class=\"wp-block-columns alignwide is-layout-flex wp-container-core-columns-is-layout-d0bbbce0 wp-block-columns-is-layout-flex\">\n<div class=\"wp-block-column is-layout-flow wp-container-core-column-is-layout-e3d1c41b wp-block-column-is-layout-flow\">\n<h3 class=\"wp-block-heading has-text-align-left is-style-asterisk has-gradient-2-gradient-background has-background has-body-font-family has-medium-font-size\" style=\"font-style:normal;font-weight:600\">Comment ?<\/h3>\n\n\n\n<p class=\"has-text-align-left\">Le cours de lecture des hi\u00e9roglyphes se donne en deux ann\u00e9es de douze le\u00e7ons chacune.&nbsp; Nous faisons le tour de la grammaire \u00e9gyptienne d\u00e9barrass\u00e9e de ses cas trop particuliers.&nbsp; Nous nous basons sur des textes authentiques tir\u00e9s de sources de natures et d&rsquo;\u00e9poques tr\u00e8s diversifi\u00e9es.<\/p>\n\n\n\n<p>Au terme de la deuxi\u00e8me ann\u00e9e, nous proposons huit cours d&rsquo;\u00e9pigraphie destin\u00e9s \u00e0 mettre en pratique ce que vous avez appris.<\/p>\n\n\n\n<p class=\"has-text-align-left\">Enfin, nous organisons cinq s\u00e9minaires par an.&nbsp; Il s&rsquo;agit de s\u00e9minaires de traduction, pour aller encore plus loin !<\/p>\n<\/div>\n\n\n\n<div class=\"wp-block-column is-layout-flow wp-container-core-column-is-layout-e3d1c41b wp-block-column-is-layout-flow\">\n<h3 class=\"wp-block-heading has-text-align-left is-style-asterisk has-gradient-2-gradient-background has-background has-body-font-family has-medium-font-size\" style=\"font-style:normal;font-weight:600\">Quand ?<\/h3>\n\n\n\n<p class=\"has-text-align-left\">De septembre \u00e0 juin.<\/p>\n\n\n\n<p>&#8211; Cours de 1\u00e8re et 2\u00e8me ann\u00e9es&nbsp; : samedi matin ou apr\u00e8s-midi, alternativement d&rsquo;une ann\u00e9e \u00e0 l&rsquo;autre.<\/p>\n\n\n\n<p>&#8211; Cours d&rsquo;\u00e9pigraphie : samedi apr\u00e8s-midi.<\/p>\n\n\n\n<p class=\"has-text-align-left\">&#8211; S\u00e9minaires : dimanche apr\u00e8s-midi.<\/p>\n<\/div>\n\n\n\n<div class=\"wp-block-column is-layout-flow wp-container-core-column-is-layout-e3d1c41b wp-block-column-is-layout-flow\">\n<h3 class=\"wp-block-heading has-text-align-left is-style-asterisk has-gradient-2-gradient-background has-background has-body-font-family has-medium-font-size\" style=\"font-style:normal;font-weight:600\">O\u00f9 ?<\/h3>\n\n\n\n<p class=\"has-text-align-left\">Deux sites pr\u00e8s de la Grand-Place de Tournai :<\/p>\n\n\n\n<ul class=\"wp-block-list\">\n<li>l&rsquo;Imp\u00e9ratrice, rue des Maux 12\/B.<\/li>\n\n\n\n<li>Maison des Associations, rue de la Wallonie 25.<\/li>\n<\/ul>\n\n\n\n<p><\/p>\n\n\n\n<p class=\"has-text-align-left\"><\/p>\n<\/div>\n<\/div>\n\n\n\n<div style=\"height:var(--wp--preset--spacing--20)\" aria-hidden=\"true\" class=\"wp-block-spacer\"><\/div>\n\n\n\n<div class=\"wp-block-columns alignwide is-layout-flex wp-container-core-columns-is-layout-d0bbbce0 wp-block-columns-is-layout-flex\">\n<div class=\"wp-block-column is-layout-flow wp-container-core-column-is-layout-e3d1c41b wp-block-column-is-layout-flow\">\n<h3 class=\"wp-block-heading has-text-align-left is-style-asterisk has-gradient-2-gradient-background has-background has-body-font-family has-medium-font-size\" style=\"font-style:normal;font-weight:600\">Prix<\/h3>\n\n\n\n<p class=\"has-text-align-left\">&#8211; Cours de 1\u00e8re et 2\u00e8me ann\u00e9es : 180 euros par ann\u00e9e de cours (150 euros pour les \u00e9tudiants).&nbsp;<\/p>\n\n\n\n<p>&nbsp;Ce prix comprend le syllabus (270 pages pour le total des 2 ann\u00e9es).&nbsp; Le premier cours est libre et gratuit.<\/p>\n\n\n\n<p>&#8211; Cours d&rsquo;\u00e9pigraphie : 120 euros pour l&rsquo;ann\u00e9e.<\/p>\n\n\n\n<p>&#8211; S\u00e9minaires : 110 euros pour les cinq s\u00e9minaires annuels.<\/p>\n\n\n\n<p class=\"has-text-align-left\">&#8211; Cours d&rsquo;\u00e9pigraphie + s\u00e9minaires : 175 euros<\/p>\n<\/div>\n<\/div>\n<\/div>\n\n\n\n<div class=\"wp-block-group alignfull has-global-padding is-layout-constrained wp-container-core-group-is-layout-d89aad35 wp-block-group-is-layout-constrained\" style=\"margin-top:0;margin-bottom:0;padding-top:var(--wp--preset--spacing--50);padding-right:var(--wp--preset--spacing--50);padding-bottom:var(--wp--preset--spacing--50);padding-left:var(--wp--preset--spacing--50)\">\n<div class=\"wp-block-group alignwide has-global-padding is-layout-constrained wp-container-core-group-is-layout-19e250f3 wp-block-group-is-layout-constrained\">\n<div class=\"wp-block-group is-vertical is-content-justification-center is-layout-flex wp-container-core-group-is-layout-6329a8f3 wp-block-group-is-layout-flex\">\n<h2 class=\"wp-block-heading has-text-align-center is-style-asterisk has-gradient-2-gradient-background has-background\">Inscription<\/h2>\n\n\n\n<p class=\"has-text-align-center\">Vous avez la possibilit\u00e9 d&rsquo;assister gratuitement \u00e0 la premi\u00e8re le\u00e7on afin de vous faire une id\u00e9e du contenu et de la valeur de ce cours. Nous vous demandons de bien vouloir nous pr\u00e9venir de votre participation \u00e0 cette le\u00e7on.<\/p>\n\n\n\n<p class=\"has-text-align-center\">La session de cours aura lieu s&rsquo;il y a au moins 5 inscriptions.<\/p>\n\n\n\n<p class=\"has-text-align-center\" style=\"border-style:none;border-width:0px\">Coordonn\u00e9es bancaires : Belfius BE02 0882 5221 4240 <\/p>\n\n\n\n<p class=\"has-text-align-center\" style=\"border-style:none;border-width:0px\">(BIC : GKCCBEBB)<\/p>\n\n\n\n<p class=\"has-text-align-center\" style=\"border-style:none;border-width:0px\">Communication : \u00ab\u00a0nom, pr\u00e9nom, quelle formation\u00a0\u00bb<\/p>\n<\/div>\n<\/div>\n<\/div>\n","protected":false},"excerpt":{"rendered":"<p>Comment ? Le cours de lecture des hi\u00e9roglyphes se donne en deux ann\u00e9es de douze le\u00e7ons chacune.&nbsp; Nous faisons le tour de la grammaire \u00e9gyptienne d\u00e9barrass\u00e9e de ses cas trop particuliers.&nbsp; Nous nous basons sur des textes authentiques tir\u00e9s de sources de natures et d&rsquo;\u00e9poques tr\u00e8s diversifi\u00e9es. Au terme de la deuxi\u00e8me ann\u00e9e, nous proposons [&hellip;]<\/p>\n","protected":false},"author":1,"featured_media":0,"parent":0,"menu_order":0,"comment_status":"closed","ping_status":"closed","template":"","meta":{"footnotes":""},"class_list":["post-76","page","type-page","status-publish","hentry"],"_links":{"self":[{"href":"https:\/\/cercle-egyptologie.be\/index.php\/wp-json\/wp\/v2\/pages\/76","targetHints":{"allow":["GET"]}}],"collection":[{"href":"https:\/\/cercle-egyptologie.be\/index.php\/wp-json\/wp\/v2\/pages"}],"about":[{"href":"https:\/\/cercle-egyptologie.be\/index.php\/wp-json\/wp\/v2\/types\/page"}],"author":[{"embeddable":true,"href":"https:\/\/cercle-egyptologie.be\/index.php\/wp-json\/wp\/v2\/users\/1"}],"replies":[{"embeddable":true,"href":"https:\/\/cercle-egyptologie.be\/index.php\/wp-json\/wp\/v2\/comments?post=76"}],"version-history":[{"count":18,"href":"https:\/\/cercle-egyptologie.be\/index.php\/wp-json\/wp\/v2\/pages\/76\/revisions"}],"predecessor-version":[{"id":287,"href":"https:\/\/cercle-egyptologie.be\/index.php\/wp-json\/wp\/v2\/pages\/76\/revisions\/287"}],"wp:attachment":[{"href":"https:\/\/cercle-egyptologie.be\/index.php\/wp-json\/wp\/v2\/media?parent=76"}],"curies":[{"name":"wp","href":"https:\/\/api.w.org\/{rel}","templated":true}]}}