{"id":51,"date":"2025-12-22T10:02:35","date_gmt":"2025-12-22T10:02:35","guid":{"rendered":"https:\/\/cercle-egyptologie.be\/?page_id=51"},"modified":"2026-01-06T09:18:59","modified_gmt":"2026-01-06T09:18:59","slug":"accueil","status":"publish","type":"page","link":"https:\/\/cercle-egyptologie.be\/","title":{"rendered":"Cours de lecture des hi\u00e9roglyphes \u00e9gyptiens"},"content":{"rendered":"\n<div class=\"wp-block-group alignfull has-global-padding is-layout-constrained wp-container-core-group-is-layout-f611be13 wp-block-group-is-layout-constrained\" style=\"padding-top:var(--wp--preset--spacing--50);padding-right:var(--wp--preset--spacing--50);padding-bottom:var(--wp--preset--spacing--50);padding-left:var(--wp--preset--spacing--50)\">\n<div class=\"wp-block-group has-global-padding is-layout-constrained wp-container-core-group-is-layout-650790e1 wp-block-group-is-layout-constrained\">\n<div style=\"height:1.25rem\" aria-hidden=\"true\" class=\"wp-block-spacer\"><\/div>\n\n\n\n<p class=\"has-text-align-center has-large-font-size\">L&rsquo;\u00e9gyptologie \u00e0 la port\u00e9e de tous !<\/p>\n\n\n\n<div style=\"height:1.25rem\" aria-hidden=\"true\" class=\"wp-block-spacer\"><\/div>\n\n\n\n<div class=\"wp-block-buttons is-content-justification-center is-layout-flex wp-container-core-buttons-is-layout-a89b3969 wp-block-buttons-is-layout-flex\"><\/div>\n<\/div>\n\n\n\n<figure class=\"wp-block-image size-full is-resized is-style-rounded wp-duotone-111111-dacec4-2 is-style-rounded--1\"><img loading=\"lazy\" decoding=\"async\" width=\"397\" height=\"63\" src=\"http:\/\/cercle-egyptologie.be\/wp-content\/uploads\/2025\/12\/PhraseIrtysen.jpg\" alt=\"apprendre les hi\u00e9roglyphes \u00e9gyptiens, cours de hi\u00e9roglyphes, \u00e9gyptologie\" class=\"wp-image-8\" style=\"aspect-ratio:6.302414231257941;object-fit:cover;width:620px;height:auto\" srcset=\"https:\/\/cercle-egyptologie.be\/wp-content\/uploads\/2025\/12\/PhraseIrtysen.jpg 397w, https:\/\/cercle-egyptologie.be\/wp-content\/uploads\/2025\/12\/PhraseIrtysen-300x48.jpg 300w\" sizes=\"auto, (max-width: 397px) 100vw, 397px\" \/><\/figure>\n\n\n\n<div class=\"wp-block-group is-vertical is-content-justification-center is-layout-flex wp-container-core-group-is-layout-1b7174b5 wp-block-group-is-layout-flex\">\n<h2 class=\"wp-block-heading has-text-align-center is-style-default wp-container-content-9cfa9a5a\" style=\"border-style:none;border-width:0px;margin-top:0;margin-right:0;margin-bottom:0;margin-left:0\">Passionn\u00e9(e) d&rsquo;\u00e9gyptologie ?<\/h2>\n\n\n\n<p class=\"has-text-align-center\">Le Cercle d&rsquo;\u00e9gyptologie propose des cours de lecture des hi\u00e9roglyphes \u00e9gyptiens pour amateurs, destin\u00e9s aux passionn\u00e9s d&rsquo;Egypte ancienne. <\/p>\n\n\n\n<blockquote class=\"wp-block-quote has-background is-layout-flow wp-block-quote-is-layout-flow\" style=\"background:radial-gradient(#C2A990 0%,#F9F9F9 100%)\">\n<p class=\"has-large-font-size\"><em>\u00ab\u00a0L&rsquo;apprentissage des hi\u00e9roglyphes constitue le but principal, mais nous abordons \u00e9galement<\/em> l&rsquo;histoire, la mythologie, la vie quotidienne, les dieux et d\u00e9esses, les rois et reines, &#8230; Nous assurons \u00e9galement un suivi des fouilles arch\u00e9ologiques. Au final, nous vous proposon une initiation \u00e0 l\u2019une des plus grandes civilisations de l\u2019humanit\u00e9 !\u00a0\u00bb<\/p>\n<\/blockquote>\n<\/div>\n<\/div>\n\n\n\n<p class=\"has-text-align-center has-small-font-size\"><em>Mise \u00e0 jour : 29\/12\/2025<\/em> &#8211; \u00a9 Cercle d&rsquo;Egyptologie.<\/p>\n\n\n\n<div class=\"wp-block-group alignfull has-base-color has-contrast-background-color has-text-color has-background has-global-padding is-layout-constrained wp-container-core-group-is-layout-ef3d885c wp-block-group-is-layout-constrained\" style=\"margin-top:0;margin-bottom:0;padding-top:var(--wp--preset--spacing--60);padding-right:var(--wp--preset--spacing--60);padding-bottom:var(--wp--preset--spacing--60);padding-left:var(--wp--preset--spacing--60)\">\n<div class=\"wp-block-group has-global-padding is-layout-constrained wp-block-group-is-layout-constrained\">\n<p><em><em>\u00ab\u00a0La religion \u00e9gyptienne est sans doute la plus \u00e9volu\u00e9e et aussi la plus digne d&rsquo;adh\u00e9sion que l&rsquo;esprit humain ait jamais pu concevoir. Aussi l&rsquo;Egypte antique&nbsp;m\u00e9rite-t-elle d&rsquo;\u00eatre longuement entendue par l&rsquo;homme d&rsquo;aujourd&rsquo;hui\u00a0\u00bb<\/em><\/em><\/p>\n\n\n\n<p class=\"has-small-font-size\"><em>Message spirituel de l&rsquo;Egypte ancienne, p.24<\/em><\/p>\n\n\n\n<div class=\"wp-block-group is-vertical is-content-justification-center is-nowrap is-layout-flex wp-container-core-group-is-layout-2dc08cea wp-block-group-is-layout-flex\">\n<figure class=\"wp-block-image aligncenter size-thumbnail is-resized has-custom-border\"><img loading=\"lazy\" decoding=\"async\" width=\"150\" height=\"150\" src=\"https:\/\/cercle-egyptologie.be\/wp-content\/uploads\/2025\/12\/Max-Guilmot-150x150.jpg\" alt=\"\" class=\"wp-image-134\" style=\"border-radius:100px;aspect-ratio:1;object-fit:cover;width:60px\"\/><\/figure>\n\n\n\n<p class=\"has-text-align-center\" style=\"margin-top:var(--wp--preset--spacing--10);margin-bottom:0\">Max Guilmot<\/p>\n\n\n\n<p class=\"has-text-align-center has-contrast-3-color has-text-color has-small-font-size\" style=\"font-style:normal;font-weight:300\">Egyptologue<\/p>\n<\/div>\n<\/div>\n<\/div>\n","protected":false},"excerpt":{"rendered":"<p>L&rsquo;\u00e9gyptologie \u00e0 la port\u00e9e de tous ! Passionn\u00e9(e) d&rsquo;\u00e9gyptologie ? Le Cercle d&rsquo;\u00e9gyptologie propose des cours de lecture des hi\u00e9roglyphes \u00e9gyptiens pour amateurs, destin\u00e9s aux passionn\u00e9s d&rsquo;Egypte ancienne. \u00ab\u00a0L&rsquo;apprentissage des hi\u00e9roglyphes constitue le but principal, mais nous abordons \u00e9galement l&rsquo;histoire, la mythologie, la vie quotidienne, les dieux et d\u00e9esses, les rois et reines, &#8230; Nous [&hellip;]<\/p>\n","protected":false},"author":1,"featured_media":276,"parent":0,"menu_order":0,"comment_status":"closed","ping_status":"closed","template":"","meta":{"footnotes":""},"class_list":["post-51","page","type-page","status-publish","has-post-thumbnail","hentry"],"_links":{"self":[{"href":"https:\/\/cercle-egyptologie.be\/index.php\/wp-json\/wp\/v2\/pages\/51","targetHints":{"allow":["GET"]}}],"collection":[{"href":"https:\/\/cercle-egyptologie.be\/index.php\/wp-json\/wp\/v2\/pages"}],"about":[{"href":"https:\/\/cercle-egyptologie.be\/index.php\/wp-json\/wp\/v2\/types\/page"}],"author":[{"embeddable":true,"href":"https:\/\/cercle-egyptologie.be\/index.php\/wp-json\/wp\/v2\/users\/1"}],"replies":[{"embeddable":true,"href":"https:\/\/cercle-egyptologie.be\/index.php\/wp-json\/wp\/v2\/comments?post=51"}],"version-history":[{"count":18,"href":"https:\/\/cercle-egyptologie.be\/index.php\/wp-json\/wp\/v2\/pages\/51\/revisions"}],"predecessor-version":[{"id":274,"href":"https:\/\/cercle-egyptologie.be\/index.php\/wp-json\/wp\/v2\/pages\/51\/revisions\/274"}],"wp:featuredmedia":[{"embeddable":true,"href":"https:\/\/cercle-egyptologie.be\/index.php\/wp-json\/wp\/v2\/media\/276"}],"wp:attachment":[{"href":"https:\/\/cercle-egyptologie.be\/index.php\/wp-json\/wp\/v2\/media?parent=51"}],"curies":[{"name":"wp","href":"https:\/\/api.w.org\/{rel}","templated":true}]}}