{"id":109,"date":"2025-12-25T14:07:07","date_gmt":"2025-12-25T14:07:07","guid":{"rendered":"https:\/\/cercle-egyptologie.be\/?page_id=109"},"modified":"2026-01-06T09:24:06","modified_gmt":"2026-01-06T09:24:06","slug":"notre-programme","status":"publish","type":"page","link":"https:\/\/cercle-egyptologie.be\/index.php\/notre-programme\/","title":{"rendered":"Notre programme"},"content":{"rendered":"\n<figure class=\"wp-block-image aligncenter size-full is-resized\"><img loading=\"lazy\" decoding=\"async\" width=\"1040\" height=\"585\" src=\"https:\/\/cercle-egyptologie.be\/wp-content\/uploads\/2026\/01\/IbisEtPhilae-2.jpg\" alt=\"\" class=\"wp-image-281\" style=\"aspect-ratio:16\/9;object-fit:cover;width:414px\" srcset=\"https:\/\/cercle-egyptologie.be\/wp-content\/uploads\/2026\/01\/IbisEtPhilae-2.jpg 1040w, https:\/\/cercle-egyptologie.be\/wp-content\/uploads\/2026\/01\/IbisEtPhilae-2-300x169.jpg 300w, https:\/\/cercle-egyptologie.be\/wp-content\/uploads\/2026\/01\/IbisEtPhilae-2-1024x576.jpg 1024w, https:\/\/cercle-egyptologie.be\/wp-content\/uploads\/2026\/01\/IbisEtPhilae-2-768x432.jpg 768w\" sizes=\"auto, (max-width: 1040px) 100vw, 1040px\" \/><\/figure>\n\n\n\n<ul class=\"wp-block-list is-style-default\">\n<li>Envie d&rsquo;avoir un bref aper\u00e7u de nos cours ? Cliquez ci-dessous !<\/li>\n<\/ul>\n\n\n\n<h2 class=\"wp-block-heading has-gradient-2-gradient-background has-background\">Premi\u00e8re ann\u00e9e<\/h2>\n\n\n\n<details class=\"wp-block-details is-layout-flow wp-block-details-is-layout-flow\"><summary>Cours 1<\/summary>\n<p>Cette premi\u00e8re immersion dans la langue des pharaons vous fera d\u00e9couvrir le processus d&rsquo;apparition de l&rsquo;\u00e9criture hi\u00e9roglyphique et sa structure.&nbsp;<\/p>\n\n\n\n<p>Notre point de d\u00e9part&nbsp;: le cartouche de Thoutmosis III, illustr\u00e9 ci-dessous.&nbsp; Les trois signes \u00e0 l&rsquo;int\u00e9rieur du cartouche sup\u00e9rieur constituent les premiers maillons de la cha\u00eene qui nous conduira petit \u00e0 petit au sommet de la pens\u00e9e \u00e9gyptienne.<\/p>\n\n\n\n<figure class=\"wp-block-image size-full\"><img loading=\"lazy\" decoding=\"async\" width=\"272\" height=\"182\" src=\"https:\/\/cercle-egyptologie.be\/wp-content\/uploads\/2025\/12\/CartoucheThoutmosis.jpg\" alt=\"\" class=\"wp-image-119\"\/><\/figure>\n<\/details>\n\n\n\n<details class=\"wp-block-details is-layout-flow wp-block-details-is-layout-flow\"><summary>Cours 2<\/summary>\n<p>Nous vous invitons \u00e0 un voyage \u00e0 travers l&rsquo;histoire du d\u00e9chiffrement des hi\u00e9roglyphes qui se termine par la fabuleuse d\u00e9couverte de Jean-Fran\u00e7ois Champollion.&nbsp;Un g\u00e9nie polyglotte sans qui nous ignorerions encore presque tout de l&rsquo;ancienne Egypte. <\/p>\n\n\n\n<figure class=\"wp-block-image size-full\"><img loading=\"lazy\" decoding=\"async\" width=\"141\" height=\"206\" src=\"https:\/\/cercle-egyptologie.be\/wp-content\/uploads\/2025\/12\/champollion.jpg\" alt=\"\" class=\"wp-image-120\"\/><\/figure>\n\n\n\n<p>Vous commencerez d\u00e9j\u00e0 \u00e0 d\u00e9crypter le nom de certains pharaons !<\/p>\n<\/details>\n\n\n\n<details class=\"wp-block-details is-layout-flow wp-block-details-is-layout-flow\"><summary>Cours 3<\/summary>\n<p>Nous faisons connaissance avec une premi\u00e8re liste de signes notant un son, une sorte d&rsquo;alphabet.  Mais vous comprendrez tr\u00e8s vite que l&rsquo;\u00e9criture \u00e9gyptienne n&rsquo;est pas alphab\u00e9tique. Chaque signe est accompagn\u00e9 d&rsquo;un exemple qui enrichira votre vocabulaire et nous permettra d&rsquo;\u00e9voquer divers aspects de la civilisation des bords du Nil.<\/p>\n<\/details>\n\n\n\n<details class=\"wp-block-details is-layout-flow wp-block-details-is-layout-flow\"><summary>Cours 4<\/summary>\n<p>A partir de la&nbsp;quatri\u00e8me le\u00e7on, nous verrons un extrait de texte toutes les deux s\u00e9ances, en alternance avec des notions de grammaire.&nbsp; Le texte de cette&nbsp; quatri\u00e8me le\u00e7on est extrait d&rsquo;un cercueil du Moyen Empire ayant appartenu \u00e0 un noble du nom de Djehoutynakht.&nbsp; Les hi\u00e9roglyphes et les illustrations de ce cercueil font partie des merveilles de l&rsquo;art \u00e9gyptien !<\/p>\n\n\n\n<figure class=\"wp-block-image size-full\"><img loading=\"lazy\" decoding=\"async\" width=\"747\" height=\"108\" src=\"https:\/\/cercle-egyptologie.be\/wp-content\/uploads\/2025\/12\/Djehoutynakht.jpg\" alt=\"\" class=\"wp-image-243\" srcset=\"https:\/\/cercle-egyptologie.be\/wp-content\/uploads\/2025\/12\/Djehoutynakht.jpg 747w, https:\/\/cercle-egyptologie.be\/wp-content\/uploads\/2025\/12\/Djehoutynakht-300x43.jpg 300w\" sizes=\"auto, (max-width: 747px) 100vw, 747px\" \/><\/figure>\n<\/details>\n\n\n\n<details class=\"wp-block-details is-layout-flow wp-block-details-is-layout-flow\"><summary>Cours 5<\/summary>\n<p>Nous \u00ab\u00a0attaquons\u00a0\u00bb la grammaire : genre et nombre, g\u00e9nitif direct et indirect, les adjectifs, les nisb\u00e9s ou noms de relation, les d\u00e9monstratifs.<\/p>\n<\/details>\n\n\n\n<details class=\"wp-block-details is-layout-flow wp-block-details-is-layout-flow\"><summary>Cours 6<\/summary>\n<p>Ce cours vous fera d\u00e9couvrir le Livre des Morts.&nbsp; Savez-vous que \u00ab&nbsp;Livre des Morts&nbsp;\u00bb est une d\u00e9nomination impropre et plut\u00f4t pessimiste par rapport \u00e0 la conception \u00e9gyptienne&nbsp;?&nbsp; Les Egyptiens l&rsquo;appelaient \u00ab&nbsp;Livre pour sortir au jour&nbsp;\u00bb.&nbsp; Une promesse de renaissance. Au cours de cette le\u00e7on, nous expliquons la c\u00e9l\u00e8brissime sc\u00e8ne ci-dessous qui repr\u00e9sente la pes\u00e9e du coeur-conscience du d\u00e9funt \u00e0 son arriv\u00e9e dans le tribunal d&rsquo;Osiris.&nbsp; Du r\u00e9sultat de cette pes\u00e9e d\u00e9pendra sa vie \u00e9ternelle.&nbsp;<\/p>\n\n\n\n<figure class=\"wp-block-image size-full\"><img loading=\"lazy\" decoding=\"async\" width=\"433\" height=\"201\" src=\"https:\/\/cercle-egyptologie.be\/wp-content\/uploads\/2025\/12\/PsychostasieLecon6-1.jpg\" alt=\"\" class=\"wp-image-122\" srcset=\"https:\/\/cercle-egyptologie.be\/wp-content\/uploads\/2025\/12\/PsychostasieLecon6-1.jpg 433w, https:\/\/cercle-egyptologie.be\/wp-content\/uploads\/2025\/12\/PsychostasieLecon6-1-300x139.jpg 300w\" sizes=\"auto, (max-width: 433px) 100vw, 433px\" \/><\/figure>\n<\/details>\n\n\n\n<details class=\"wp-block-details is-layout-flow wp-block-details-is-layout-flow\"><summary>Cours 7<\/summary>\n<p>Pronoms suffixes, pronoms d\u00e9pendants, pronoms ind\u00e9pendants, structure de la phrase verbale avec pronoms et un aper\u00e7u des types de phrases en \u00e9gyptien.<\/p>\n<\/details>\n\n\n\n<details class=\"wp-block-details is-layout-flow wp-block-details-is-layout-flow\"><summary>Cours 8<\/summary>\n<p>Ce cours&nbsp;nous met en relation avec un officier tourment\u00e9 par l&rsquo;esprit de sa femme, d\u00e9c\u00e9d\u00e9e alors qu&rsquo;il \u00e9tait en campagne militaire loin de chez lui.&nbsp; Il lui a envoy\u00e9 une lettre dans l&rsquo;au-del\u00e0, par le biais de sa chapelle fun\u00e9raire o\u00f9 le document a \u00e9t\u00e9 retrouv\u00e9 par les \u00e9gyptologues.&nbsp;&nbsp; Ce document fait partie de ce que l&rsquo;on appelle les \u00ab\u00a0lettres aux morts\u00a0\u00bb.&nbsp; Nous connaissons plusieurs messages partis pour l&rsquo;outre tombe, soit sur des papyrus, soit \u00e9crits \u00e0 l&rsquo;int\u00e9rieur de bols d&rsquo;offrandes. Voici \u00e9galement votre premier rendez-vous avec l&rsquo;\u00e9criture hi\u00e9ratique ! Mais rassurez-vous, pour l&rsquo;occasion, le texte a \u00e9t\u00e9 transcrit en hi\u00e9roglyphes.<\/p>\n\n\n\n<figure class=\"wp-block-image size-full\"><img loading=\"lazy\" decoding=\"async\" width=\"826\" height=\"101\" src=\"https:\/\/cercle-egyptologie.be\/wp-content\/uploads\/2025\/12\/Ankhiry.jpg\" alt=\"\" class=\"wp-image-244\" srcset=\"https:\/\/cercle-egyptologie.be\/wp-content\/uploads\/2025\/12\/Ankhiry.jpg 826w, https:\/\/cercle-egyptologie.be\/wp-content\/uploads\/2025\/12\/Ankhiry-300x37.jpg 300w, https:\/\/cercle-egyptologie.be\/wp-content\/uploads\/2025\/12\/Ankhiry-768x94.jpg 768w\" sizes=\"auto, (max-width: 826px) 100vw, 826px\" \/><\/figure>\n<\/details>\n\n\n\n<details class=\"wp-block-details is-layout-flow wp-block-details-is-layout-flow\"><summary>Cours 9<\/summary>\n<p>L&rsquo;expression du pr\u00e9sent, du pass\u00e9 et du futur et les n\u00e9gations correspondantes.<\/p>\n<\/details>\n\n\n\n<details class=\"wp-block-details is-layout-flow wp-block-details-is-layout-flow\"><summary>Cours 10<\/summary>\n<p>Dans cette le\u00e7on, nous nous rendrons au Ouadi Hammamat pour y lire une inscription dat\u00e9e de l&rsquo;an 2 du pharaon Monthouhotep IV.  Dans cette zone aride, les ouvriers exploitent une carri\u00e8re pour ramener un magnifique sarcophage \u00e0 Pharaon.&nbsp; Mais voil\u00e0 qu&rsquo;un ph\u00e9nom\u00e8ne va les impressionner ! Ce t\u00e9moignage fait partie des nombreuses inscriptions du Ouadi Hammamat, une carri\u00e8re exploit\u00e9e \u00e0 des \u00e9poques tr\u00e8s diverses.<\/p>\n\n\n\n<figure class=\"wp-block-image size-full\"><img loading=\"lazy\" decoding=\"async\" width=\"331\" height=\"242\" src=\"https:\/\/cercle-egyptologie.be\/wp-content\/uploads\/2025\/12\/Ouadi-Hammamat.jpg\" alt=\"\" class=\"wp-image-123\" srcset=\"https:\/\/cercle-egyptologie.be\/wp-content\/uploads\/2025\/12\/Ouadi-Hammamat.jpg 331w, https:\/\/cercle-egyptologie.be\/wp-content\/uploads\/2025\/12\/Ouadi-Hammamat-300x219.jpg 300w\" sizes=\"auto, (max-width: 331px) 100vw, 331px\" \/><\/figure>\n<\/details>\n\n\n\n<details class=\"wp-block-details is-layout-flow wp-block-details-is-layout-flow\"><summary>Cours 11<\/summary>\n<p>Les phrases \u00e0 pr\u00e9dicat adverbial, nominal, adjectival et la n\u00e9gation correspondante.<\/p>\n<\/details>\n\n\n\n<details class=\"wp-block-details is-layout-flow wp-block-details-is-layout-flow\"><summary>Cours 12<\/summary>\n<p>La&nbsp;derni\u00e8re le\u00e7on&nbsp;de premi\u00e8re ann\u00e9e est consacr\u00e9e au fondement de la religion d&rsquo;Akhenaton et son expression la plus po\u00e9tique : le Grand Hymne \u00e0 Aton.&nbsp; Comment explorer la pens\u00e9e \u00e9gyptienne sans \u00e9voquer cette p\u00e9riode unique, mais courte, dans l&rsquo;histoire de la vall\u00e9e du Nil ?&nbsp;<\/p>\n\n\n\n<p>Akhenaton, inventeur du monoth\u00e9isme ?&nbsp; Nous verrons qu&rsquo;il faut nuancer cette affirmation.&nbsp; Et Aton ?&nbsp; Etait-il simplement l&rsquo;astre solaire ?&nbsp; Il \u00e9tait surtout l&rsquo;\u00e9nergie qui \u00e9mane du soleil et qui permet la vie sur terre.<\/p>\n\n\n\n<figure class=\"wp-block-image size-full\"><img loading=\"lazy\" decoding=\"async\" width=\"190\" height=\"215\" src=\"https:\/\/cercle-egyptologie.be\/wp-content\/uploads\/2025\/12\/Akhenaton.jpg\" alt=\"\" class=\"wp-image-124\"\/><\/figure>\n<\/details>\n\n\n\n<h2 class=\"wp-block-heading has-gradient-2-gradient-background has-background\">Deuxi\u00e8me ann\u00e9e<\/h2>\n\n\n\n<details class=\"wp-block-details is-layout-flow wp-block-details-is-layout-flow\"><summary>Cours 1<\/summary>\n<p>Nous commen\u00e7ons cette deuxi\u00e8me ann\u00e9e par quelques rappels grammaticaux, souvent bien utiles ! Nous nous lan\u00e7ons ensuite dans les cat\u00e9gories de verbes. Nous parlons aussi de l&rsquo;infinitif, des notions de perfectif et d&rsquo;imperfectif.<\/p>\n<\/details>\n\n\n\n<details class=\"wp-block-details is-layout-flow wp-block-details-is-layout-flow\"><summary>Cours 2<\/summary>\n<p>D\u00e8s l&rsquo;Ancien Empire, des repr\u00e9sentations d\u2019\u00e9v\u00e9nements musicaux font leur apparition dans les tombes et d\u00e8s cette \u00e9poque, des harpistes y sont repr\u00e9sent\u00e9s. Nous voyons ici un extrait du \u00ab\u00a0Chant du Harpiste\u00a0\u00bb dans une tombe de la 20\u00e8me dynastie.&nbsp; Ce texte nous encourage \u00e0 profiter des plaisirs terrestres et \u00e0 \u00ab\u00a0faire un jour heureux\u00a0\u00bb car \u00ab\u00a0tout homme va vers son heure\u00a0\u00bb&#8230; <\/p>\n\n\n\n<figure class=\"wp-block-image size-full\"><img loading=\"lazy\" decoding=\"async\" width=\"381\" height=\"267\" src=\"https:\/\/cercle-egyptologie.be\/wp-content\/uploads\/2025\/12\/Harpiste.jpg\" alt=\"\" class=\"wp-image-125\" srcset=\"https:\/\/cercle-egyptologie.be\/wp-content\/uploads\/2025\/12\/Harpiste.jpg 381w, https:\/\/cercle-egyptologie.be\/wp-content\/uploads\/2025\/12\/Harpiste-300x210.jpg 300w\" sizes=\"auto, (max-width: 381px) 100vw, 381px\" \/><\/figure>\n<\/details>\n\n\n\n<details class=\"wp-block-details is-layout-flow wp-block-details-is-layout-flow\"><summary>Cours 3<\/summary>\n<p>La forme passive, le pseudo-participe et les formes narratives.<\/p>\n<\/details>\n\n\n\n<details class=\"wp-block-details is-layout-flow wp-block-details-is-layout-flow\"><summary>Cours 4<\/summary>\n<p>Le texte de la&nbsp;quatri\u00e8me le\u00e7on&nbsp;nous placera dans les pas d&rsquo;Horsiesis, un pr\u00eatre d&rsquo;Amon dont nous faisons la connaissance gr\u00e2ce \u00e0 un papyrus d&rsquo;\u00e9poque tardive.&nbsp; Apr\u00e8s avoir suivi un parcours bien pr\u00e9cis, il est invit\u00e9 \u00e0 contempler le corps glorieux d&rsquo;Osiris.<\/p>\n\n\n\n<figure class=\"wp-block-image size-full is-resized\"><img loading=\"lazy\" decoding=\"async\" width=\"160\" height=\"235\" src=\"https:\/\/cercle-egyptologie.be\/wp-content\/uploads\/2025\/12\/Crypte-Osiris.jpg\" alt=\"\" class=\"wp-image-245\" style=\"width:112px;height:auto\"\/><\/figure>\n<\/details>\n\n\n\n<details class=\"wp-block-details is-layout-flow wp-block-details-is-layout-flow\"><summary>Cours 5<\/summary>\n<p>L&rsquo;imp\u00e9ratif, la forme prospective.<\/p>\n<\/details>\n\n\n\n<details class=\"wp-block-details is-layout-flow wp-block-details-is-layout-flow\"><summary>Cours 6<\/summary>\n<p>Les Textes des Pyramides sont les plus anciens textes religieux \u00e9gyptiens en notre possession.&nbsp; Bien que les \u00e9gyptiens aient construit une centaine de pyramides, seules quelques unes contiennent des textes. La premi\u00e8re pyramide dite \u00ab\u00a0\u00e0 textes\u00a0\u00bb est celle d&rsquo;Ounas, dernier roi de la 5\u00e8me dynastie, vers 2350 avant notre \u00e8re.&nbsp; Pour lui a \u00e9t\u00e9 \u00e9lev\u00e9 un \u00ab\u00a0escalier vers le ciel\u00a0\u00bb, comme le dit une des formules rituelles.&nbsp; Gr\u00e2ce \u00e0 lui, le roi rejoindra le Grand Hall d&rsquo;Atoum.<\/p>\n\n\n\n<figure class=\"wp-block-image size-full\"><img loading=\"lazy\" decoding=\"async\" width=\"418\" height=\"260\" src=\"https:\/\/cercle-egyptologie.be\/wp-content\/uploads\/2025\/12\/Pyramide-Ounas.jpg\" alt=\"\" class=\"wp-image-126\" srcset=\"https:\/\/cercle-egyptologie.be\/wp-content\/uploads\/2025\/12\/Pyramide-Ounas.jpg 418w, https:\/\/cercle-egyptologie.be\/wp-content\/uploads\/2025\/12\/Pyramide-Ounas-300x187.jpg 300w\" sizes=\"auto, (max-width: 418px) 100vw, 418px\" \/><\/figure>\n\n\n\n<p>Ce sera pour nous l&rsquo;occasion d&rsquo;\u00e9voquer la construction des pyramides et leur signification.<\/p>\n<\/details>\n\n\n\n<details class=\"wp-block-details is-layout-flow wp-block-details-is-layout-flow\"><summary>Cours 7<\/summary>\n<p>Les participes perfectifs, imperfectifs et prospectifs.  Et bien s\u00fbr, comme toujours, les n\u00e9gations correspondantes.<\/p>\n<\/details>\n\n\n\n<details class=\"wp-block-details is-layout-flow wp-block-details-is-layout-flow\"><summary>Cours 8<\/summary>\n<p>Nous poussons la porte de l&rsquo;Au-del\u00e0 gr\u00e2ce \u00e0 la lecture du chapitre 175 du Livre des Morts. Dans ce nouvel univers parsem\u00e9 d&#8217;emb\u00fbches, le d\u00e9funt y rencontre Atoum et un dialogue s&rsquo;installe entre le d\u00e9miurge et son nouvel invit\u00e9, qui s&rsquo;inqui\u00e8te de ne pas retrouver ses besoins terrestres&#8230;<\/p>\n\n\n\n<figure class=\"wp-block-image size-full is-resized\"><img loading=\"lazy\" decoding=\"async\" width=\"395\" height=\"440\" src=\"https:\/\/cercle-egyptologie.be\/wp-content\/uploads\/2025\/12\/Atoum.jpg\" alt=\"\" class=\"wp-image-246\" style=\"width:147px;height:auto\" srcset=\"https:\/\/cercle-egyptologie.be\/wp-content\/uploads\/2025\/12\/Atoum.jpg 395w, https:\/\/cercle-egyptologie.be\/wp-content\/uploads\/2025\/12\/Atoum-269x300.jpg 269w\" sizes=\"auto, (max-width: 395px) 100vw, 395px\" \/><\/figure>\n<\/details>\n\n\n\n<details class=\"wp-block-details is-layout-flow wp-block-details-is-layout-flow\"><summary>Cours 9<\/summary>\n<p>Autres usages des participes. Les propositions relatives.<\/p>\n<\/details>\n\n\n\n<details class=\"wp-block-details is-layout-flow wp-block-details-is-layout-flow\"><summary>Cours 10<\/summary>\n<p>Le texte de la&nbsp;dixi\u00e8me le\u00e7on&nbsp;est en accord avec la mentalit\u00e9 d&rsquo;un peuple d&rsquo;agriculteurs qui conna\u00eet bien le cycle de l&rsquo;\u00e9ternel retour de la v\u00e9g\u00e9tation. Comme la nature rena\u00eet dans ses cycles, l&rsquo;homme, faisant partie de la nature, rena\u00eetra aussi.<\/p>\n\n\n\n<figure class=\"wp-block-image size-full\"><img loading=\"lazy\" decoding=\"async\" width=\"342\" height=\"181\" src=\"https:\/\/cercle-egyptologie.be\/wp-content\/uploads\/2025\/12\/Travaux-champs.jpg\" alt=\"\" class=\"wp-image-127\" srcset=\"https:\/\/cercle-egyptologie.be\/wp-content\/uploads\/2025\/12\/Travaux-champs.jpg 342w, https:\/\/cercle-egyptologie.be\/wp-content\/uploads\/2025\/12\/Travaux-champs-300x159.jpg 300w\" sizes=\"auto, (max-width: 342px) 100vw, 342px\" \/><\/figure>\n<\/details>\n\n\n\n<details class=\"wp-block-details is-layout-flow wp-block-details-is-layout-flow\"><summary>Cours 11<\/summary>\n<p>L&rsquo;interrogation, les propositions circonstancielles.<\/p>\n<\/details>\n\n\n\n<details class=\"wp-block-details is-layout-flow wp-block-details-is-layout-flow\"><summary>Cours 12<\/summary>\n<p>Cette derni\u00e8re le\u00e7on est constitu\u00e9e d&rsquo;une suite de phrases courtes mais qui sont autant de riches t\u00e9moins d&rsquo;une spiritualit\u00e9 de haut niveau. Pensons seulement \u00e0 cette phrase \u00e9crite il y a plus de 3000 ans : \u00ab<em>Je connais le dieu qui est dans l&rsquo;homme, je le per\u00e7ois !<\/em> \u00bb<\/p>\n\n\n\n<figure class=\"wp-block-image size-full\"><img loading=\"lazy\" decoding=\"async\" width=\"577\" height=\"56\" src=\"https:\/\/cercle-egyptologie.be\/wp-content\/uploads\/2025\/12\/Hieros-A2L12.jpg\" alt=\"\" class=\"wp-image-128\" srcset=\"https:\/\/cercle-egyptologie.be\/wp-content\/uploads\/2025\/12\/Hieros-A2L12.jpg 577w, https:\/\/cercle-egyptologie.be\/wp-content\/uploads\/2025\/12\/Hieros-A2L12-300x29.jpg 300w\" sizes=\"auto, (max-width: 577px) 100vw, 577px\" \/><\/figure>\n<\/details>\n\n\n\n<blockquote class=\"wp-block-quote is-layout-flow wp-block-quote-is-layout-flow\">\n<p>\u00ab\u00a0Ne soyez pas effray\u00e9(e) par certains termes grammaticaux pr\u00e9sent\u00e9s ci-dessus. Ils vous seront expliqu\u00e9s, comment\u00e9s, illustr\u00e9s, &#8230; et vous deviendront vite familiers !\u00a0\u00bb<\/p>\n<\/blockquote>\n\n\n\n<div class=\"wp-block-group alignfull has-base-color has-contrast-background-color has-text-color has-background has-global-padding is-layout-constrained wp-container-core-group-is-layout-ef3d885c wp-block-group-is-layout-constrained\" style=\"margin-top:0;margin-bottom:0;padding-top:var(--wp--preset--spacing--60);padding-right:var(--wp--preset--spacing--60);padding-bottom:var(--wp--preset--spacing--60);padding-left:var(--wp--preset--spacing--60)\">\n<div class=\"wp-block-group has-global-padding is-layout-constrained wp-block-group-is-layout-constrained\">\n<p class=\"has-text-align-center has-base-color has-text-color has-heading-font-family has-x-large-font-size\" style=\"line-height:1.2\"><em>\u201c<\/em><em>\u00ab\u00a0Une lettre te conduira \u00e0 un mot, un mot \u00e0 une phrase et une phrase au tout.\u00a0\u00bb<\/em><\/p>\n\n\n\n<div style=\"height:var(--wp--preset--spacing--10)\" aria-hidden=\"true\" class=\"wp-block-spacer\"><\/div>\n\n\n\n<div class=\"wp-block-group is-vertical is-content-justification-center is-nowrap is-layout-flex wp-container-core-group-is-layout-2dc08cea wp-block-group-is-layout-flex\">\n<figure class=\"wp-block-image aligncenter size-full is-resized has-custom-border\"><img loading=\"lazy\" decoding=\"async\" width=\"130\" height=\"120\" src=\"https:\/\/cercle-egyptologie.be\/wp-content\/uploads\/2025\/12\/JJChampollion.jpg\" alt=\"\" class=\"wp-image-129\" style=\"border-radius:100px;aspect-ratio:1;object-fit:cover;width:60px\"\/><\/figure>\n\n\n\n<p class=\"has-text-align-center\" style=\"margin-top:var(--wp--preset--spacing--10);margin-bottom:0\">Jacques-Joseph Champollion \u00e0 son fr\u00e8re Jean-Fran\u00e7ois<\/p>\n\n\n\n<p class=\"has-text-align-center has-contrast-3-color has-text-color has-small-font-size\" style=\"font-style:normal;font-weight:300\">Extrait d&rsquo;une lettre dat\u00e9e du 14 juillet 1809. Treize ans plus tard, J-F. Champollion per\u00e7ait le secret des hi\u00e9roglyphes !  <\/p>\n<\/div>\n<\/div>\n<\/div>\n\n\n\n<div class=\"wp-block-group alignfull has-global-padding is-layout-constrained wp-container-core-group-is-layout-d89aad35 wp-block-group-is-layout-constrained\" style=\"margin-top:0;margin-bottom:0;padding-top:var(--wp--preset--spacing--50);padding-right:var(--wp--preset--spacing--50);padding-bottom:var(--wp--preset--spacing--50);padding-left:var(--wp--preset--spacing--50)\">\n<div class=\"wp-block-group alignwide has-global-padding is-layout-constrained wp-block-group-is-layout-constrained\">\n<div class=\"wp-block-query alignwide is-layout-flow wp-block-query-is-layout-flow\">\n\n\n<div style=\"height:var(--wp--preset--spacing--30)\" aria-hidden=\"true\" class=\"wp-block-spacer\"><\/div>\n\n\n<\/div>\n<\/div>\n<\/div>\n","protected":false},"excerpt":{"rendered":"<p>Premi\u00e8re ann\u00e9e Deuxi\u00e8me ann\u00e9e \u00ab\u00a0Ne soyez pas effray\u00e9(e) par certains termes grammaticaux pr\u00e9sent\u00e9s ci-dessus. Ils vous seront expliqu\u00e9s, comment\u00e9s, illustr\u00e9s, &#8230; et vous deviendront vite familiers !\u00a0\u00bb \u201c\u00ab\u00a0Une lettre te conduira \u00e0 un mot, un mot \u00e0 une phrase et une phrase au tout.\u00a0\u00bb Jacques-Joseph Champollion \u00e0 son fr\u00e8re Jean-Fran\u00e7ois Extrait d&rsquo;une lettre dat\u00e9e du [&hellip;]<\/p>\n","protected":false},"author":1,"featured_media":0,"parent":0,"menu_order":0,"comment_status":"closed","ping_status":"closed","template":"","meta":{"footnotes":""},"class_list":["post-109","page","type-page","status-publish","hentry"],"_links":{"self":[{"href":"https:\/\/cercle-egyptologie.be\/index.php\/wp-json\/wp\/v2\/pages\/109","targetHints":{"allow":["GET"]}}],"collection":[{"href":"https:\/\/cercle-egyptologie.be\/index.php\/wp-json\/wp\/v2\/pages"}],"about":[{"href":"https:\/\/cercle-egyptologie.be\/index.php\/wp-json\/wp\/v2\/types\/page"}],"author":[{"embeddable":true,"href":"https:\/\/cercle-egyptologie.be\/index.php\/wp-json\/wp\/v2\/users\/1"}],"replies":[{"embeddable":true,"href":"https:\/\/cercle-egyptologie.be\/index.php\/wp-json\/wp\/v2\/comments?post=109"}],"version-history":[{"count":20,"href":"https:\/\/cercle-egyptologie.be\/index.php\/wp-json\/wp\/v2\/pages\/109\/revisions"}],"predecessor-version":[{"id":283,"href":"https:\/\/cercle-egyptologie.be\/index.php\/wp-json\/wp\/v2\/pages\/109\/revisions\/283"}],"wp:attachment":[{"href":"https:\/\/cercle-egyptologie.be\/index.php\/wp-json\/wp\/v2\/media?parent=109"}],"curies":[{"name":"wp","href":"https:\/\/api.w.org\/{rel}","templated":true}]}}